{"id":3821,"date":"2020-04-18T13:38:53","date_gmt":"2020-04-18T11:38:53","guid":{"rendered":"http:\/\/www.barnadolor.com\/area-privada\/ingresar\/"},"modified":"2020-05-06T18:00:21","modified_gmt":"2020-05-06T16:00:21","slug":"ingresar","status":"publish","type":"page","link":"https:\/\/www.barnadolor.com\/area-privada\/","title":{"rendered":"Entrar"},"content":{"rendered":"<div id=\"pl-3821\"  class=\"panel-layout\" ><div id=\"pg-3821-0\"  class=\"panel-grid panel-no-style\" ><div id=\"pgc-3821-0-0\"  class=\"panel-grid-cell\" ><div id=\"panel-3821-0-0-0\" class=\"so-panel widget widget_sow-editor panel-first-child panel-last-child\" data-index=\"0\" ><div class=\"so-widget-sow-editor so-widget-sow-editor-base\">\n<div class=\"siteorigin-widget-tinymce textwidget\">\n\t<p>La \u201c<strong>Visita desde Casa<\/strong>\u201d es un \u00e1rea privada de <strong>Barnadolor<\/strong>, una extensi\u00f3n virtual de la cl\u00ednica que te reservar\u00e1 un espacio protegido y propio para ti, donde puedas acceder y encontrarte mediante videoconferencia con los profesionales de Barnadolor, <strong>desde tu ordenador, m\u00f3vil<\/strong> u otros dispositivos<strong> sin moverte de casa<\/strong>.<\/p>\n<p>Podr\u00e1s realizar una<strong> visita programada<\/strong>, tener un <strong>contacto directo<\/strong> con el profesional mediante correo-e, <strong>compartir<\/strong> tus <strong>an\u00e1lisis<\/strong>, tus <strong>radiograf\u00edas<\/strong>, tus <strong>informes<\/strong> y otros documentos que quedaran depositados para visualizarlos o obtenerlos cuando los necesites.<\/p>\n<p><a href=\"https:\/\/www.barnadolor.com\/contacto\/\"><span style=\"color: #0c7d0e;\"><strong><i class=\"fa fa-hand-o-right\"><\/i> Contacta con Secretar\u00eda para obtener tu usuario y clave privada<\/strong><\/span><\/a><\/p>\n<\/div>\n<\/div><\/div><\/div><div id=\"pgc-3821-0-1\"  class=\"panel-grid-cell panel-grid-cell-empty\" ><\/div><div id=\"pgc-3821-0-2\"  class=\"panel-grid-cell\" ><div id=\"panel-3821-0-2-0\" class=\"so-panel widget widget_sow-editor panel-first-child panel-last-child\" data-index=\"1\" ><div class=\"so-widget-sow-editor so-widget-sow-editor-base\">\n<div class=\"siteorigin-widget-tinymce textwidget\">\n\t<div class=\"login\" id=\"wpuf-login-form\">\n\n    \n        \n    <form name=\"loginform\" class=\"wpuf-login-form\" id=\"loginform\" action=\"https:\/\/www.barnadolor.com\/area-privada\/\" method=\"post\">\n        <p>\n            <label for=\"wpuf-user_login\">Username or Email<\/label>\n            <input type=\"text\" name=\"log\" id=\"wpuf-user_login\" class=\"input\" value=\"\" size=\"20\" \/>\n        <\/p>\n        <p>\n            <label for=\"wpuf-user_pass\">Contrase\u00f1a<\/label>\n            <input type=\"password\" name=\"pwd\" id=\"wpuf-user_pass\" class=\"input\" value=\"\" size=\"20\" \/>\n        <\/p>\n\n                \n        <p class=\"forgetmenot\">\n            <input name=\"rememberme\" type=\"checkbox\" id=\"wpuf-rememberme\" value=\"forever\" \/>\n            <label for=\"wpuf-rememberme\">Rec\u00faerdame<\/label>\n        <\/p>\n\n        <p class=\"submit\">\n            <input type=\"submit\" name=\"wp-submit\" id=\"wp-submit\" value=\"Inicio\" \/>\n            <input type=\"hidden\" name=\"redirect_to\" value=\"\" \/>\n            <input type=\"hidden\" name=\"wpuf_login\" value=\"true\" \/>\n            <input type=\"hidden\" name=\"action\" value=\"login\" \/>\n            <input type=\"hidden\" id=\"wpuf-login-nonce\" name=\"wpuf-login-nonce\" value=\"474ca0dc2a\" \/><input type=\"hidden\" name=\"_wp_http_referer\" value=\"\/area-privada\/wp-json\/wp\/v2\/pages\/3821\" \/>        <\/p>\n        <p>\n                    <\/p>\n    <\/form>\n\n    <!--<a href=\"https:\/\/www.barnadolor.com\/area-privada\/registration\/\">Registro<\/a> | <a href=\"https:\/\/www.barnadolor.com\/area-privada\/?action=lostpassword\">Lost Password<\/a>-->\n<\/div>\n\n<p style=\"text-align: left;\"><a href=\"https:\/\/www.barnadolor.com\/area-privada\/?action=lostpassword\"><i class=\"fa fa-recycle\"><\/i> Recuperar Password<\/a><\/p>\n<\/div>\n<\/div><\/div><\/div><\/div><\/div>","protected":false},"excerpt":{"rendered":"<p>La \u201cVisita desde Casa\u201d es un \u00e1rea privada de Barnadolor, una extensi\u00f3n virtual de la cl\u00ednica que te reservar\u00e1 un espacio protegido y propio para ti, donde puedas acceder y encontrarte mediante videoconferencia con los profesionales de Barnadolor, desde tu ordenador, m\u00f3vil u otros dispositivos sin moverte de casa. Podr\u00e1s realizar una visita programada, tener &#8230;<\/p>\n","protected":false},"author":2,"featured_media":0,"parent":0,"menu_order":0,"comment_status":"closed","ping_status":"closed","template":"page-nosidebar.php","meta":[],"_links":{"self":[{"href":"https:\/\/www.barnadolor.com\/area-privada\/wp-json\/wp\/v2\/pages\/3821"}],"collection":[{"href":"https:\/\/www.barnadolor.com\/area-privada\/wp-json\/wp\/v2\/pages"}],"about":[{"href":"https:\/\/www.barnadolor.com\/area-privada\/wp-json\/wp\/v2\/types\/page"}],"author":[{"embeddable":true,"href":"https:\/\/www.barnadolor.com\/area-privada\/wp-json\/wp\/v2\/users\/2"}],"replies":[{"embeddable":true,"href":"https:\/\/www.barnadolor.com\/area-privada\/wp-json\/wp\/v2\/comments?post=3821"}],"version-history":[{"count":13,"href":"https:\/\/www.barnadolor.com\/area-privada\/wp-json\/wp\/v2\/pages\/3821\/revisions"}],"predecessor-version":[{"id":4272,"href":"https:\/\/www.barnadolor.com\/area-privada\/wp-json\/wp\/v2\/pages\/3821\/revisions\/4272"}],"wp:attachment":[{"href":"https:\/\/www.barnadolor.com\/area-privada\/wp-json\/wp\/v2\/media?parent=3821"}],"curies":[{"name":"wp","href":"https:\/\/api.w.org\/{rel}","templated":true}]}}